{"id":2,"date":"2021-11-02T14:09:49","date_gmt":"2021-11-02T14:09:49","guid":{"rendered":"https:\/\/registerevent.signochprint.se\/?page_id=2"},"modified":"2021-11-02T15:11:13","modified_gmt":"2021-11-02T15:11:13","slug":"sample-page","status":"publish","type":"page","link":"https:\/\/registerevent.signochprint.se\/","title":{"rendered":"Registrera utst\u00e4llare till Sign &#038; Print Scandinavia 2022"},"content":{"rendered":"\n<style type=\"text\/css\" data-created_by=\"avia_inline_auto\" id=\"style-css-av-kvi82pma-7abcf1b518f1fad1064ab2fb8b4a5c2c\">\n.avia-image-container.av-kvi82pma-7abcf1b518f1fad1064ab2fb8b4a5c2c .av-image-caption-overlay-center{\ncolor:#ffffff;\n}\n<\/style>\n<div  class='avia-image-container av-kvi82pma-7abcf1b518f1fad1064ab2fb8b4a5c2c av-styling- avia-align-center  avia-builder-el-0  el_before_av_three_fourth  avia-builder-el-first  '  itemprop=\"image\" itemscope=\"itemscope\" itemtype=\"https:\/\/schema.org\/ImageObject\" ><div class=\"avia-image-container-inner\"><div class=\"avia-image-overlay-wrap\"><img decoding=\"async\" class='wp-image-22 avia-img-lazy-loading-not-22 avia_image' src=\"https:\/\/registerevent.signochprint.se\/wp-content\/uploads\/2021\/11\/header_sopse_2022-v4.png\" alt='' title='header_sopse_2022-v4'  height=\"500\" width=\"1920\"  itemprop=\"thumbnailUrl\" srcset=\"https:\/\/registerevent.signochprint.se\/wp-content\/uploads\/2021\/11\/header_sopse_2022-v4.png 1920w, https:\/\/registerevent.signochprint.se\/wp-content\/uploads\/2021\/11\/header_sopse_2022-v4-300x78.png 300w, https:\/\/registerevent.signochprint.se\/wp-content\/uploads\/2021\/11\/header_sopse_2022-v4-1030x268.png 1030w, https:\/\/registerevent.signochprint.se\/wp-content\/uploads\/2021\/11\/header_sopse_2022-v4-768x200.png 768w, https:\/\/registerevent.signochprint.se\/wp-content\/uploads\/2021\/11\/header_sopse_2022-v4-1536x400.png 1536w, https:\/\/registerevent.signochprint.se\/wp-content\/uploads\/2021\/11\/header_sopse_2022-v4-1500x391.png 1500w, https:\/\/registerevent.signochprint.se\/wp-content\/uploads\/2021\/11\/header_sopse_2022-v4-705x184.png 705w\" sizes=\"(max-width: 1920px) 100vw, 1920px\" \/><\/div><\/div><\/div>\n<div class='flex_column av-av_three_fourth-a93934ecd89fbb8a9566d39e89cd3725 av_three_fourth  avia-builder-el-1  el_after_av_image  avia-builder-el-last  first flex_column_div '   ><section  class='av_textblock_section av-kvi7ql2s-1db6c1eb3d281d6802ad39807b93246d '  itemscope=\"itemscope\" itemtype=\"https:\/\/schema.org\/CreativeWork\" ><div class='avia_textblock '  itemprop=\"text\" ><p><code><script type=\"text\/javascript\">var gform;gform||(document.addEventListener(\"gform_main_scripts_loaded\",function(){gform.scriptsLoaded=!0}),window.addEventListener(\"DOMContentLoaded\",function(){gform.domLoaded=!0}),gform={domLoaded:!1,scriptsLoaded:!1,initializeOnLoaded:function(o){gform.domLoaded&&gform.scriptsLoaded?o():!gform.domLoaded&&gform.scriptsLoaded?window.addEventListener(\"DOMContentLoaded\",o):document.addEventListener(\"gform_main_scripts_loaded\",o)},hooks:{action:{},filter:{}},addAction:function(o,r,n,t){gform.addHook(\"action\",o,r,n,t)},addFilter:function(o,r,n,t){gform.addHook(\"filter\",o,r,n,t)},doAction:function(o){gform.doHook(\"action\",o,arguments)},applyFilters:function(o){return gform.doHook(\"filter\",o,arguments)},removeAction:function(o,r){gform.removeHook(\"action\",o,r)},removeFilter:function(o,r,n){gform.removeHook(\"filter\",o,r,n)},addHook:function(o,r,n,t,i){null==gform.hooks[o][r]&&(gform.hooks[o][r]=[]);var e=gform.hooks[o][r];null==i&&(i=r+\"_\"+e.length),gform.hooks[o][r].push({tag:i,callable:n,priority:t=null==t?10:t})},doHook:function(o,r,n){if(n=Array.prototype.slice.call(n,1),null!=gform.hooks[o][r]){var t,i=gform.hooks[o][r];i.sort(function(o,r){return o.priority-r.priority});for(var e=0;e<i.length;e++)\"function\"!=typeof(t=i[e].callable)&&(t=window[t]),\"action\"==o?t.apply(null,n):n[0]=t.apply(null,n)}if(\"filter\"==o)return n[0]},removeHook:function(o,r,n,t){if(null!=gform.hooks[o][r])for(var i=gform.hooks[o][r],e=i.length-1;0<=e;e--)null!=t&&t!=i[e].tag||null!=n&&n!=i[e].priority||i.splice(e,1)}});<\/script>\n                <div class='gf_browser_gecko gform_wrapper gravity-theme' id='gform_wrapper_2' style='display:none'>\n                        <div class='gform_heading'>\n                            <h2 class=\"gform_title\">Registrera utst\u00e4llare<\/h2>\n                            <span class='gform_description'><\/span>\n\t\t\t\t\t\t\t<p class='gform_required_legend'>\u201d<span class=\"gfield_required gfield_required_asterisk\">*<\/span>\u201d anger obligatoriska f\u00e4lt<\/p>\n                        <\/div><form method='post' enctype='multipart\/form-data'  id='gform_2'  action='\/index.php\/wp-json\/wp\/v2\/pages\/2' novalidate>\n                        <div class='gform_body gform-body'><div id='gform_fields_2' class='gform_fields top_label form_sublabel_below description_below'><div id=\"field_2_1\" class=\"gfield gfield--width-third gfield_contains_required field_sublabel_below field_description_below gfield_visibility_visible\" ><label class='gfield_label' for='input_2_1' >F\u00f6retag<span class=\"gfield_required\"><span class=\"gfield_required gfield_required_asterisk\">*<\/span><\/span><\/label><div class='ginput_container ginput_container_text'><input name='input_1' id='input_2_1' type='text' value='' class='large'     aria-required=\"true\" aria-invalid=\"false\"   \/> <\/div><\/div><div class=\"spacer gfield\" style=\"grid-column: span 8;\"><\/div><div id=\"field_2_2\" class=\"gfield gfield--width-third gfield_contains_required field_sublabel_below field_description_below gfield_visibility_visible\" ><label class='gfield_label' for='input_2_2' >V\u00e4lj antal att registrera<span class=\"gfield_required\"><span class=\"gfield_required gfield_required_asterisk\">*<\/span><\/span><\/label><div class='ginput_container ginput_container_select'><select name='input_2' id='input_2_2' class='large gfield_select'  aria-describedby=\"gfield_description_2_2\"  aria-required=\"true\" aria-invalid=\"false\" ><option value='1' >1<\/option><option value='2' >2<\/option><option value='3' >3<\/option><option value='4' >4<\/option><option value='5' >5<\/option><option value='6' >6<\/option><option value='7' >7<\/option><option value='8' >8<\/option><\/select><\/div><div class='gfield_description' id='gfield_description_2_2'>V\u00e4lj hur m\u00e5nga deltagare du vil registrera. Om du beh\u00f6ver registrera flera, kan du fylla i formul\u00e4ret igen.<\/div><\/div><div class=\"spacer gfield\" style=\"grid-column: span 8;\"><\/div><div id=\"field_2_17\" class=\"gfield gsection field_sublabel_below field_description_below gfield_visibility_visible\" ><h3 class=\"gsection_title\">Deltagare<\/h3><\/div><div id=\"field_2_15\" class=\"gfield gfield--width-third gfield_contains_required field_sublabel_below field_description_below gfield_visibility_visible\" ><label class='gfield_label' for='input_2_15' >Namn<span class=\"gfield_required\"><span class=\"gfield_required gfield_required_asterisk\">*<\/span><\/span><\/label><div class='ginput_container ginput_container_text'><input name='input_15' id='input_2_15' type='text' value='' class='large'     aria-required=\"true\" aria-invalid=\"false\"   \/> <\/div><\/div><div id=\"field_2_13\" class=\"gfield gfield--width-third gfield_contains_required field_sublabel_below field_description_below gfield_visibility_visible\" ><label class='gfield_label' for='input_2_13' >Telefon<span class=\"gfield_required\"><span class=\"gfield_required gfield_required_asterisk\">*<\/span><\/span><\/label><div class='ginput_container ginput_container_phone'><input name='input_13' id='input_2_13' type='tel' value='' class='large'   aria-required=\"true\" aria-invalid=\"false\"   \/><\/div><\/div><div id=\"field_2_14\" class=\"gfield gfield--width-third gfield_contains_required field_sublabel_below field_description_below gfield_visibility_visible\" ><label class='gfield_label' for='input_2_14' >E-post<span class=\"gfield_required\"><span class=\"gfield_required gfield_required_asterisk\">*<\/span><\/span><\/label><div class='ginput_container ginput_container_email'>\n                            <input name='input_14' id='input_2_14' type='email' value='' class='large'    aria-required=\"true\" aria-invalid=\"false\"  \/>\n                        <\/div><\/div><div id=\"field_2_18\" class=\"gfield gfield--width-third gfield_contains_required field_sublabel_below field_description_below gfield_visibility_visible\" ><label class='gfield_label' for='input_2_18' >Namn<span class=\"gfield_required\"><span class=\"gfield_required gfield_required_asterisk\">*<\/span><\/span><\/label><div class='ginput_container ginput_container_text'><input name='input_18' id='input_2_18' type='text' value='' class='large'     aria-required=\"true\" aria-invalid=\"false\"   \/> <\/div><\/div><div id=\"field_2_20\" class=\"gfield gfield--width-third gfield_contains_required field_sublabel_below field_description_below gfield_visibility_visible\" ><label class='gfield_label' for='input_2_20' >Telefon<span class=\"gfield_required\"><span class=\"gfield_required gfield_required_asterisk\">*<\/span><\/span><\/label><div class='ginput_container ginput_container_phone'><input name='input_20' id='input_2_20' type='tel' value='' class='large'   aria-required=\"true\" aria-invalid=\"false\"   \/><\/div><\/div><div id=\"field_2_21\" class=\"gfield gfield--width-third gfield_contains_required field_sublabel_below field_description_below gfield_visibility_visible\" ><label class='gfield_label' for='input_2_21' >E-post<span class=\"gfield_required\"><span class=\"gfield_required gfield_required_asterisk\">*<\/span><\/span><\/label><div class='ginput_container ginput_container_email'>\n                            <input name='input_21' id='input_2_21' type='email' value='' class='large'    aria-required=\"true\" aria-invalid=\"false\"  \/>\n                        <\/div><\/div><div id=\"field_2_22\" class=\"gfield gfield--width-third gfield_contains_required field_sublabel_below field_description_below gfield_visibility_visible\" ><label class='gfield_label' for='input_2_22' >Namn<span class=\"gfield_required\"><span class=\"gfield_required gfield_required_asterisk\">*<\/span><\/span><\/label><div class='ginput_container ginput_container_text'><input name='input_22' id='input_2_22' type='text' value='' class='large'     aria-required=\"true\" aria-invalid=\"false\"   \/> <\/div><\/div><div id=\"field_2_24\" class=\"gfield gfield--width-third gfield_contains_required field_sublabel_below field_description_below gfield_visibility_visible\" ><label class='gfield_label' for='input_2_24' >Telefon<span class=\"gfield_required\"><span class=\"gfield_required gfield_required_asterisk\">*<\/span><\/span><\/label><div class='ginput_container ginput_container_phone'><input name='input_24' id='input_2_24' type='tel' value='' class='large'   aria-required=\"true\" aria-invalid=\"false\"   \/><\/div><\/div><div id=\"field_2_25\" class=\"gfield gfield--width-third gfield_contains_required field_sublabel_below field_description_below gfield_visibility_visible\" ><label class='gfield_label' for='input_2_25' >E-post<span class=\"gfield_required\"><span class=\"gfield_required gfield_required_asterisk\">*<\/span><\/span><\/label><div class='ginput_container ginput_container_email'>\n                            <input name='input_25' id='input_2_25' type='email' value='' class='large'    aria-required=\"true\" aria-invalid=\"false\"  \/>\n                        <\/div><\/div><div id=\"field_2_26\" class=\"gfield gfield--width-third gfield_contains_required field_sublabel_below field_description_below gfield_visibility_visible\" ><label class='gfield_label' for='input_2_26' >Namn<span class=\"gfield_required\"><span class=\"gfield_required gfield_required_asterisk\">*<\/span><\/span><\/label><div class='ginput_container ginput_container_text'><input name='input_26' id='input_2_26' type='text' value='' class='large'     aria-required=\"true\" aria-invalid=\"false\"   \/> <\/div><\/div><div id=\"field_2_28\" class=\"gfield gfield--width-third gfield_contains_required field_sublabel_below field_description_below gfield_visibility_visible\" ><label class='gfield_label' for='input_2_28' >Telefon<span class=\"gfield_required\"><span class=\"gfield_required gfield_required_asterisk\">*<\/span><\/span><\/label><div class='ginput_container ginput_container_phone'><input name='input_28' id='input_2_28' type='tel' value='' class='large'   aria-required=\"true\" aria-invalid=\"false\"   \/><\/div><\/div><div id=\"field_2_29\" class=\"gfield gfield--width-third gfield_contains_required field_sublabel_below field_description_below gfield_visibility_visible\" ><label class='gfield_label' for='input_2_29' >E-post<span class=\"gfield_required\"><span class=\"gfield_required gfield_required_asterisk\">*<\/span><\/span><\/label><div class='ginput_container ginput_container_email'>\n                            <input name='input_29' id='input_2_29' type='email' value='' class='large'    aria-required=\"true\" aria-invalid=\"false\"  \/>\n                        <\/div><\/div><div id=\"field_2_30\" class=\"gfield gfield--width-third gfield_contains_required field_sublabel_below field_description_below gfield_visibility_visible\" ><label class='gfield_label' for='input_2_30' >Namn<span class=\"gfield_required\"><span class=\"gfield_required gfield_required_asterisk\">*<\/span><\/span><\/label><div class='ginput_container ginput_container_text'><input name='input_30' id='input_2_30' type='text' value='' class='large'     aria-required=\"true\" aria-invalid=\"false\"   \/> <\/div><\/div><div id=\"field_2_32\" class=\"gfield gfield--width-third gfield_contains_required field_sublabel_below field_description_below gfield_visibility_visible\" ><label class='gfield_label' for='input_2_32' >Telefon<span class=\"gfield_required\"><span class=\"gfield_required gfield_required_asterisk\">*<\/span><\/span><\/label><div class='ginput_container ginput_container_phone'><input name='input_32' id='input_2_32' type='tel' value='' class='large'   aria-required=\"true\" aria-invalid=\"false\"   \/><\/div><\/div><div id=\"field_2_33\" class=\"gfield gfield--width-third gfield_contains_required field_sublabel_below field_description_below gfield_visibility_visible\" ><label class='gfield_label' for='input_2_33' >E-post<span class=\"gfield_required\"><span class=\"gfield_required gfield_required_asterisk\">*<\/span><\/span><\/label><div class='ginput_container ginput_container_email'>\n                            <input name='input_33' id='input_2_33' type='email' value='' class='large'    aria-required=\"true\" aria-invalid=\"false\"  \/>\n                        <\/div><\/div><div id=\"field_2_34\" class=\"gfield gfield--width-third gfield_contains_required field_sublabel_below field_description_below gfield_visibility_visible\" ><label class='gfield_label' for='input_2_34' >Namn<span class=\"gfield_required\"><span class=\"gfield_required gfield_required_asterisk\">*<\/span><\/span><\/label><div class='ginput_container ginput_container_text'><input name='input_34' id='input_2_34' type='text' value='' class='large'     aria-required=\"true\" aria-invalid=\"false\"   \/> <\/div><\/div><div id=\"field_2_36\" class=\"gfield gfield--width-third gfield_contains_required field_sublabel_below field_description_below gfield_visibility_visible\" ><label class='gfield_label' for='input_2_36' >Telefon<span class=\"gfield_required\"><span class=\"gfield_required gfield_required_asterisk\">*<\/span><\/span><\/label><div class='ginput_container ginput_container_phone'><input name='input_36' id='input_2_36' type='tel' value='' class='large'   aria-required=\"true\" aria-invalid=\"false\"   \/><\/div><\/div><div id=\"field_2_37\" class=\"gfield gfield--width-third gfield_contains_required field_sublabel_below field_description_below gfield_visibility_visible\" ><label class='gfield_label' for='input_2_37' >E-post<span class=\"gfield_required\"><span class=\"gfield_required gfield_required_asterisk\">*<\/span><\/span><\/label><div class='ginput_container ginput_container_email'>\n                            <input name='input_37' id='input_2_37' type='email' value='' class='large'    aria-required=\"true\" aria-invalid=\"false\"  \/>\n                        <\/div><\/div><div id=\"field_2_38\" class=\"gfield gfield--width-third gfield_contains_required field_sublabel_below field_description_below gfield_visibility_visible\" ><label class='gfield_label' for='input_2_38' >Namn<span class=\"gfield_required\"><span class=\"gfield_required gfield_required_asterisk\">*<\/span><\/span><\/label><div class='ginput_container ginput_container_text'><input name='input_38' id='input_2_38' type='text' value='' class='large'     aria-required=\"true\" aria-invalid=\"false\"   \/> <\/div><\/div><div id=\"field_2_40\" class=\"gfield gfield--width-third gfield_contains_required field_sublabel_below field_description_below gfield_visibility_visible\" ><label class='gfield_label' for='input_2_40' >Telefon<span class=\"gfield_required\"><span class=\"gfield_required gfield_required_asterisk\">*<\/span><\/span><\/label><div class='ginput_container ginput_container_phone'><input name='input_40' id='input_2_40' type='tel' value='' class='large'   aria-required=\"true\" aria-invalid=\"false\"   \/><\/div><\/div><div id=\"field_2_41\" class=\"gfield gfield--width-third gfield_contains_required field_sublabel_below field_description_below gfield_visibility_visible\" ><label class='gfield_label' for='input_2_41' >E-post<span class=\"gfield_required\"><span class=\"gfield_required gfield_required_asterisk\">*<\/span><\/span><\/label><div class='ginput_container ginput_container_email'>\n                            <input name='input_41' id='input_2_41' type='email' value='' class='large'    aria-required=\"true\" aria-invalid=\"false\"  \/>\n                        <\/div><\/div><div id=\"field_2_42\" class=\"gfield gfield--width-third gfield_contains_required field_sublabel_below field_description_below gfield_visibility_visible\" ><label class='gfield_label' for='input_2_42' >Namn<span class=\"gfield_required\"><span class=\"gfield_required gfield_required_asterisk\">*<\/span><\/span><\/label><div class='ginput_container ginput_container_text'><input name='input_42' id='input_2_42' type='text' value='' class='large'     aria-required=\"true\" aria-invalid=\"false\"   \/> <\/div><\/div><div id=\"field_2_44\" class=\"gfield gfield--width-third gfield_contains_required field_sublabel_below field_description_below gfield_visibility_visible\" ><label class='gfield_label' for='input_2_44' >Telefon<span class=\"gfield_required\"><span class=\"gfield_required gfield_required_asterisk\">*<\/span><\/span><\/label><div class='ginput_container ginput_container_phone'><input name='input_44' id='input_2_44' type='tel' value='' class='large'   aria-required=\"true\" aria-invalid=\"false\"   \/><\/div><\/div><div id=\"field_2_45\" class=\"gfield gfield--width-third gfield_contains_required field_sublabel_below field_description_below gfield_visibility_visible\" ><label class='gfield_label' for='input_2_45' >E-post<span class=\"gfield_required\"><span class=\"gfield_required gfield_required_asterisk\">*<\/span><\/span><\/label><div class='ginput_container ginput_container_email'>\n                            <input name='input_45' id='input_2_45' type='email' value='' class='large'    aria-required=\"true\" aria-invalid=\"false\"  \/>\n                        <\/div><\/div><fieldset id=\"field_2_67\" class=\"gfield gfield--width-five-twelfths gfield_contains_required field_sublabel_below field_description_below gfield_visibility_visible\" ><legend class='gfield_label gfield_label_before_complex'  >Villkor<span class=\"gfield_required\"><span class=\"gfield_required gfield_required_asterisk\">*<\/span><\/span><\/legend><div class='ginput_container ginput_container_consent'><input name='input_67.1' id='input_2_67_1' type='checkbox' value='1'  aria-describedby=\"gfield_consent_description_2_67 gfield_description_2_67\" aria-required=\"true\" aria-invalid=\"false\"   \/> <label class=\"gfield_consent_label\" for='input_2_67_1' >Jag godk\u00e4nner integritetspolicyn<\/label><input type='hidden' name='input_67.2' value='Jag godk\u00e4nner integritetspolicyn' class='gform_hidden' \/><input type='hidden' name='input_67.3' value='2' class='gform_hidden' \/><\/div><div class='gfield_description gfield_consent_description' id='gfield_consent_description_2_67'>Alla ovan angivna deltagare godk\u00e4nner att uppgifterna kan anv\u00e4ndas f\u00f6r att bli kontaktade av arrang\u00f6ren vid behov samt f\u00f6r att sammanst\u00e4llas i anonymiserad form i marknadsf\u00f6ringssyfte.<\/div><\/fieldset><div class=\"spacer gfield\" style=\"grid-column: span 7;\"><\/div><\/div><\/div>\n        <div class='gform_footer top_label'> <input type='submit' id='gform_submit_button_2' class='gform_button button' value='Skicka'  onclick='if(window[\"gf_submitting_2\"]){return false;}  if( !jQuery(\"#gform_2\")[0].checkValidity || jQuery(\"#gform_2\")[0].checkValidity()){window[\"gf_submitting_2\"]=true;}  ' onkeypress='if( event.keyCode == 13 ){ if(window[\"gf_submitting_2\"]){return false;} if( !jQuery(\"#gform_2\")[0].checkValidity || jQuery(\"#gform_2\")[0].checkValidity()){window[\"gf_submitting_2\"]=true;}  jQuery(\"#gform_2\").trigger(\"submit\",[true]); }' \/> \n            <input type='hidden' class='gform_hidden' name='is_submit_2' value='1' \/>\n            <input type='hidden' class='gform_hidden' name='gform_submit' value='2' \/>\n            \n            <input type='hidden' class='gform_hidden' name='gform_unique_id' value='' \/>\n            <input type='hidden' class='gform_hidden' name='state_2' value='WyJ7XCI2Ny4xXCI6XCIzZmE3YmU0MTBmZDNlYTdjN2IxZWI0NzY2YzViMjZhZVwiLFwiNjcuMlwiOlwiZGFkMTM1ODczNmNiOWM2NGZhZjM1YjJmOWNmZjYwYmZcIixcIjY3LjNcIjpcIjhlOWZkMjdhOTFkMjAyMjM0OGNlNzFmNDFkMGRlZDMzXCJ9IiwiZWJkMTM4NTBhYTkzYjM3NTExZTcxNGI5N2MyOTQyMmQiXQ==' \/>\n            <input type='hidden' class='gform_hidden' name='gform_target_page_number_2' id='gform_target_page_number_2' value='0' \/>\n            <input type='hidden' class='gform_hidden' name='gform_source_page_number_2' id='gform_source_page_number_2' value='1' \/>\n            <input type='hidden' name='gform_field_values' value='' \/>\n            \n        <\/div>\n                        <\/form>\n                        <\/div><\/code><\/p>\n<\/div><\/section><\/div>\n","protected":false},"excerpt":{"rendered":"","protected":false},"author":1,"featured_media":0,"parent":0,"menu_order":0,"comment_status":"closed","ping_status":"open","template":"","meta":{"footnotes":""},"class_list":["post-2","page","type-page","status-publish","hentry"],"_links":{"self":[{"href":"https:\/\/registerevent.signochprint.se\/index.php\/wp-json\/wp\/v2\/pages\/2","targetHints":{"allow":["GET"]}}],"collection":[{"href":"https:\/\/registerevent.signochprint.se\/index.php\/wp-json\/wp\/v2\/pages"}],"about":[{"href":"https:\/\/registerevent.signochprint.se\/index.php\/wp-json\/wp\/v2\/types\/page"}],"author":[{"embeddable":true,"href":"https:\/\/registerevent.signochprint.se\/index.php\/wp-json\/wp\/v2\/users\/1"}],"replies":[{"embeddable":true,"href":"https:\/\/registerevent.signochprint.se\/index.php\/wp-json\/wp\/v2\/comments?post=2"}],"version-history":[{"count":7,"href":"https:\/\/registerevent.signochprint.se\/index.php\/wp-json\/wp\/v2\/pages\/2\/revisions"}],"predecessor-version":[{"id":27,"href":"https:\/\/registerevent.signochprint.se\/index.php\/wp-json\/wp\/v2\/pages\/2\/revisions\/27"}],"wp:attachment":[{"href":"https:\/\/registerevent.signochprint.se\/index.php\/wp-json\/wp\/v2\/media?parent=2"}],"curies":[{"name":"wp","href":"https:\/\/api.w.org\/{rel}","templated":true}]}}